{"id":4109,"date":"2024-07-14T11:11:16","date_gmt":"2024-07-14T11:11:16","guid":{"rendered":"https:\/\/www.vefadent.com.tr\/vefadent-kids-2\/"},"modified":"2025-04-05T16:17:30","modified_gmt":"2025-04-05T16:17:30","slug":"vefadent-kids-2","status":"publish","type":"page","link":"https:\/\/www.vefadent.com.tr\/fr\/vefadent-kids-2\/","title":{"rendered":"Vefadent Kids"},"content":{"rendered":"\t\t<div data-elementor-type=\"wp-page\" data-elementor-id=\"4109\" class=\"elementor elementor-4109 elementor-944\" data-elementor-settings=\"{&quot;element_pack_global_tooltip_width&quot;:{&quot;unit&quot;:&quot;px&quot;,&quot;size&quot;:&quot;&quot;,&quot;sizes&quot;:[]},&quot;element_pack_global_tooltip_width_tablet&quot;:{&quot;unit&quot;:&quot;px&quot;,&quot;size&quot;:&quot;&quot;,&quot;sizes&quot;:[]},&quot;element_pack_global_tooltip_width_mobile&quot;:{&quot;unit&quot;:&quot;px&quot;,&quot;size&quot;:&quot;&quot;,&quot;sizes&quot;:[]},&quot;element_pack_global_tooltip_padding&quot;:{&quot;unit&quot;:&quot;px&quot;,&quot;top&quot;:&quot;&quot;,&quot;right&quot;:&quot;&quot;,&quot;bottom&quot;:&quot;&quot;,&quot;left&quot;:&quot;&quot;,&quot;isLinked&quot;:true},&quot;element_pack_global_tooltip_padding_tablet&quot;:{&quot;unit&quot;:&quot;px&quot;,&quot;top&quot;:&quot;&quot;,&quot;right&quot;:&quot;&quot;,&quot;bottom&quot;:&quot;&quot;,&quot;left&quot;:&quot;&quot;,&quot;isLinked&quot;:true},&quot;element_pack_global_tooltip_padding_mobile&quot;:{&quot;unit&quot;:&quot;px&quot;,&quot;top&quot;:&quot;&quot;,&quot;right&quot;:&quot;&quot;,&quot;bottom&quot;:&quot;&quot;,&quot;left&quot;:&quot;&quot;,&quot;isLinked&quot;:true},&quot;element_pack_global_tooltip_border_radius&quot;:{&quot;unit&quot;:&quot;px&quot;,&quot;top&quot;:&quot;&quot;,&quot;right&quot;:&quot;&quot;,&quot;bottom&quot;:&quot;&quot;,&quot;left&quot;:&quot;&quot;,&quot;isLinked&quot;:true},&quot;element_pack_global_tooltip_border_radius_tablet&quot;:{&quot;unit&quot;:&quot;px&quot;,&quot;top&quot;:&quot;&quot;,&quot;right&quot;:&quot;&quot;,&quot;bottom&quot;:&quot;&quot;,&quot;left&quot;:&quot;&quot;,&quot;isLinked&quot;:true},&quot;element_pack_global_tooltip_border_radius_mobile&quot;:{&quot;unit&quot;:&quot;px&quot;,&quot;top&quot;:&quot;&quot;,&quot;right&quot;:&quot;&quot;,&quot;bottom&quot;:&quot;&quot;,&quot;left&quot;:&quot;&quot;,&quot;isLinked&quot;:true}}\" data-elementor-post-type=\"page\">\n\t\t\t\t<div class=\"elementor-element elementor-element-d42b2f7 e-flex e-con-boxed e-con e-parent\" data-id=\"d42b2f7\" data-element_type=\"container\" data-e-type=\"container\">\n\t\t\t\t\t<div class=\"e-con-inner\">\n\t\t<div class=\"elementor-element elementor-element-f2ae019 e-con-full e-flex e-con e-child\" data-id=\"f2ae019\" data-element_type=\"container\" data-e-type=\"container\">\n\t\t\t\t<div class=\"elementor-element elementor-element-91c0151 elementor-widget elementor-widget-heading\" data-id=\"91c0151\" data-element_type=\"widget\" data-e-type=\"widget\" data-widget_type=\"heading.default\">\n\t\t\t\t<div class=\"elementor-widget-container\">\n\t\t\t\t\t<h3 class=\"elementor-heading-title elementor-size-default\">Qu'est-ce que l'odontologie p\u00e9diatrique ?<\/h3>\t\t\t\t<\/div>\n\t\t\t\t<\/div>\n\t\t\t\t<div class=\"elementor-element elementor-element-8cda9f1 elementor-widget elementor-widget-text-editor\" data-id=\"8cda9f1\" data-element_type=\"widget\" data-e-type=\"widget\" data-widget_type=\"text-editor.default\">\n\t\t\t\t<div class=\"elementor-widget-container\">\n\t\t\t\t\t\t\t\t\t<p>La p\u00e9dodontologie est une branche de l&rsquo;odontologie connue sous le nom d&rsquo;odontologie p\u00e9diatrique et se concentre sur la protection et le traitement de la sant\u00e9 bucco-dentaire des enfants. Les p\u00e9dodontologues sont des dentistes sp\u00e9cialis\u00e9s dans la sant\u00e9 dentaire des enfants, de la naissance \u00e0 l&rsquo;adolescence. L&rsquo;importance de la sant\u00e9 dentaire chez les enfants est garantie par des soins et des habitudes appropri\u00e9s d\u00e8s le plus jeune \u00e2ge.  <br><br><\/p><p><strong>Vefadent Kids : Une dentisterie experte pour vos enfants<\/strong><\/p><p>Vefadent Kids propose, gr\u00e2ce \u00e0 son personnel sp\u00e9cialis\u00e9, des services de dentisterie p\u00e9diatrique et des m\u00e9thodes de traitement sp\u00e9cialement con\u00e7ues pour les enfants. Notre objectif est de rendre l&rsquo;exp\u00e9rience dentaire des enfants positive et sans stress et d&rsquo;\u00e9lever des individus conscients de leur sant\u00e9 dentaire. En offrant les meilleurs soins \u00e0 vos enfants, nous les aidons \u00e0 grandir avec des dents saines et fortes.  <\/p>\t\t\t\t\t\t\t\t<\/div>\n\t\t\t\t<\/div>\n\t\t\t\t<\/div>\n\t\t<div class=\"elementor-element elementor-element-c15d8be e-con-full e-flex e-con e-child\" data-id=\"c15d8be\" data-element_type=\"container\" data-e-type=\"container\">\n\t\t\t\t<div class=\"elementor-element elementor-element-78d2e24 elementor-widget elementor-widget-image\" data-id=\"78d2e24\" data-element_type=\"widget\" data-e-type=\"widget\" data-widget_type=\"image.default\">\n\t\t\t\t<div class=\"elementor-widget-container\">\n\t\t\t\t\t\t\t\t\t\t\t\t\t\t\t<img fetchpriority=\"high\" decoding=\"async\" width=\"976\" height=\"1024\" src=\"https:\/\/www.vefadent.com.tr\/wp-content\/uploads\/2024\/07\/Dentist-woman-examining-patient-teeth-976x1024.jpg\" class=\"attachment-large size-large wp-image-3972\" alt=\"\" srcset=\"https:\/\/www.vefadent.com.tr\/wp-content\/uploads\/2024\/07\/Dentist-woman-examining-patient-teeth-976x1024.jpg 976w, https:\/\/www.vefadent.com.tr\/wp-content\/uploads\/2024\/07\/Dentist-woman-examining-patient-teeth-286x300.jpg 286w, https:\/\/www.vefadent.com.tr\/wp-content\/uploads\/2024\/07\/Dentist-woman-examining-patient-teeth-768x806.jpg 768w, https:\/\/www.vefadent.com.tr\/wp-content\/uploads\/2024\/07\/Dentist-woman-examining-patient-teeth-1464x1536.jpg 1464w, https:\/\/www.vefadent.com.tr\/wp-content\/uploads\/2024\/07\/Dentist-woman-examining-patient-teeth-1952x2048.jpg 1952w, https:\/\/www.vefadent.com.tr\/wp-content\/uploads\/2024\/07\/Dentist-woman-examining-patient-teeth-620x650.jpg 620w\" sizes=\"(max-width: 976px) 100vw, 976px\" \/>\t\t\t\t\t\t\t\t\t\t\t\t\t\t\t<\/div>\n\t\t\t\t<\/div>\n\t\t\t\t<\/div>\n\t\t<div class=\"elementor-element elementor-element-4862746 e-con-full e-flex e-con e-child\" data-id=\"4862746\" data-element_type=\"container\" data-e-type=\"container\" data-settings=\"{&quot;background_background&quot;:&quot;classic&quot;}\">\n\t\t\t\t<div class=\"elementor-element elementor-element-c4c54b5 elementor-widget elementor-widget-heading\" data-id=\"c4c54b5\" data-element_type=\"widget\" data-e-type=\"widget\" data-widget_type=\"heading.default\">\n\t\t\t\t<div class=\"elementor-widget-container\">\n\t\t\t\t\t<h3 class=\"elementor-heading-title elementor-size-default\">Services propos\u00e9s par notre service de p\u00e9dodontie<\/h3>\t\t\t\t<\/div>\n\t\t\t\t<\/div>\n\t\t\t\t<div class=\"elementor-element elementor-element-efb0f90 bdt-item-match-height--yes bdt-navigation-type-arrows bdt-carousel-style-carousel elementor-widget elementor-widget-bdt-static-carousel\" data-id=\"efb0f90\" data-element_type=\"widget\" data-e-type=\"widget\" data-widget_type=\"bdt-static-carousel.default\">\n\t\t\t\t<div class=\"elementor-widget-container\">\n\t\t\t\t\t        <div id=\"bdt-static-carousel-efb0f90\" class=\"bdt-arrows-align-center bdt-static-carousel\" data-settings=\"{&quot;autoplay&quot;:{&quot;delay&quot;:5000,&quot;disableOnInteraction&quot;:false},&quot;loop&quot;:true,&quot;speed&quot;:500,&quot;slidesPerView&quot;:1,&quot;slidesPerGroup&quot;:1,&quot;spaceBetween&quot;:20,&quot;effect&quot;:&quot;carousel&quot;,&quot;breakpoints&quot;:{&quot;767&quot;:{&quot;slidesPerView&quot;:2,&quot;spaceBetween&quot;:20,&quot;slidesPerGroup&quot;:1},&quot;1023&quot;:{&quot;slidesPerView&quot;:3,&quot;spaceBetween&quot;:20,&quot;slidesPerGroup&quot;:1}},&quot;navigation&quot;:{&quot;nextEl&quot;:&quot;#bdt-static-carousel-efb0f90 .bdt-navigation-next&quot;,&quot;prevEl&quot;:&quot;#bdt-static-carousel-efb0f90 .bdt-navigation-prev&quot;},&quot;pagination&quot;:{&quot;el&quot;:&quot;#bdt-static-carousel-efb0f90 .swiper-pagination&quot;,&quot;type&quot;:&quot;&quot;,&quot;clickable&quot;:&quot;true&quot;,&quot;dynamicBullets&quot;:false},&quot;scrollbar&quot;:{&quot;el&quot;:&quot;#bdt-static-carousel-efb0f90 .swiper-scrollbar&quot;,&quot;hide&quot;:&quot;true&quot;},&quot;coverflowEffect&quot;:{&quot;rotate&quot;:50,&quot;stretch&quot;:0,&quot;depth&quot;:100,&quot;modifier&quot;:1,&quot;slideShadows&quot;:true},&quot;watchSlidesProgress&quot;:true}\">\n            <div class=\"swiper-carousel swiper-container\">\n                <div class=\"swiper-wrapper\">\n                    \n                    <div class=\"bdt-ep-static-carousel-item swiper-slide\">\n                        <div class=\"bdt-ep-static-carousel-image bdt-image-mask\">\n\n            <img decoding=\"async\" width=\"300\" height=\"300\" src=\"https:\/\/www.vefadent.com.tr\/wp-content\/uploads\/2024\/07\/little_polar_bear_fishing_watercolor_illustration-300x300.jpg\" class=\"attachment-medium size-medium\" alt=\"Koruyucu Di\u015f Tedavileri:\" srcset=\"https:\/\/www.vefadent.com.tr\/wp-content\/uploads\/2024\/07\/little_polar_bear_fishing_watercolor_illustration-300x300.jpg 300w, https:\/\/www.vefadent.com.tr\/wp-content\/uploads\/2024\/07\/little_polar_bear_fishing_watercolor_illustration-1024x1024.jpg 1024w, https:\/\/www.vefadent.com.tr\/wp-content\/uploads\/2024\/07\/little_polar_bear_fishing_watercolor_illustration-150x150.jpg 150w, https:\/\/www.vefadent.com.tr\/wp-content\/uploads\/2024\/07\/little_polar_bear_fishing_watercolor_illustration-768x768.jpg 768w, https:\/\/www.vefadent.com.tr\/wp-content\/uploads\/2024\/07\/little_polar_bear_fishing_watercolor_illustration-1536x1536.jpg 1536w, https:\/\/www.vefadent.com.tr\/wp-content\/uploads\/2024\/07\/little_polar_bear_fishing_watercolor_illustration-2048x2048.jpg 2048w, https:\/\/www.vefadent.com.tr\/wp-content\/uploads\/2024\/07\/little_polar_bear_fishing_watercolor_illustration-650x650.jpg 650w\" sizes=\"(max-width: 300px) 100vw, 300px\" \/>\n            \n        <\/div>\n                        <div class=\"bdt-ep-static-carousel-content\">\n                                                            <h3                class=\"bdt-ep-static-carousel-title\">\n                Koruyucu Di\u015f Tedavileri:                            <\/h3>\n                                                    <div class=\"bdt-ep-static-carousel-text\">\n                <p>\u00c7\u00fcr\u00fckleri \u00f6nleyici uygulamalar ve di\u015f sa\u011fl\u0131\u011f\u0131n\u0131 koruma y\u00f6ntemleri.<\/p>            <\/div>\n                                                            <\/div>\n\n                            <\/div>\n                    <div class=\"bdt-ep-static-carousel-item swiper-slide\">\n                        <div class=\"bdt-ep-static-carousel-image bdt-image-mask bdt-ep-static-carousel-image bdt-image-mask\">\n\n            <img decoding=\"async\" width=\"273\" height=\"300\" src=\"https:\/\/www.vefadent.com.tr\/wp-content\/uploads\/2024\/07\/unicorn_seahorse_watercolor-273x300.jpg\" class=\"attachment-medium size-medium\" alt=\"\u00c7ocuklarda Beslenme ve A\u011f\u0131z Hijyeni E\u011fitimi: \" srcset=\"https:\/\/www.vefadent.com.tr\/wp-content\/uploads\/2024\/07\/unicorn_seahorse_watercolor-273x300.jpg 273w, https:\/\/www.vefadent.com.tr\/wp-content\/uploads\/2024\/07\/unicorn_seahorse_watercolor-931x1024.jpg 931w, https:\/\/www.vefadent.com.tr\/wp-content\/uploads\/2024\/07\/unicorn_seahorse_watercolor-768x845.jpg 768w, https:\/\/www.vefadent.com.tr\/wp-content\/uploads\/2024\/07\/unicorn_seahorse_watercolor-1396x1536.jpg 1396w, https:\/\/www.vefadent.com.tr\/wp-content\/uploads\/2024\/07\/unicorn_seahorse_watercolor-1861x2048.jpg 1861w, https:\/\/www.vefadent.com.tr\/wp-content\/uploads\/2024\/07\/unicorn_seahorse_watercolor-591x650.jpg 591w\" sizes=\"(max-width: 273px) 100vw, 273px\" \/>\n            \n        <\/div>\n                        <div class=\"bdt-ep-static-carousel-content\">\n                                                            <h3                class=\"bdt-ep-static-carousel-title\">\n                \u00c7ocuklarda Beslenme ve A\u011f\u0131z Hijyeni E\u011fitimi:                             <\/h3>\n                                                    <div class=\"bdt-ep-static-carousel-text\">\n                <p>Do\u011fru diyet al\u0131\u015fkanl\u0131klar\u0131 ve a\u011f\u0131z bak\u0131m\u0131 konular\u0131nda e\u011fitim.<\/p>            <\/div>\n                                                            <\/div>\n\n                            <\/div>\n                    <div class=\"bdt-ep-static-carousel-item swiper-slide\">\n                        <div class=\"bdt-ep-static-carousel-image bdt-image-mask bdt-ep-static-carousel-image bdt-image-mask bdt-ep-static-carousel-image bdt-image-mask\">\n\n            <img loading=\"lazy\" decoding=\"async\" width=\"300\" height=\"300\" src=\"https:\/\/www.vefadent.com.tr\/wp-content\/uploads\/2024\/07\/cute_koala_sleeping_on_the_moon_with_watercolor-300x300.jpg\" class=\"attachment-medium size-medium\" alt=\"S\u00fct ve Daimi Di\u015flerin Restoratif Tedavileri:\" srcset=\"https:\/\/www.vefadent.com.tr\/wp-content\/uploads\/2024\/07\/cute_koala_sleeping_on_the_moon_with_watercolor-300x300.jpg 300w, https:\/\/www.vefadent.com.tr\/wp-content\/uploads\/2024\/07\/cute_koala_sleeping_on_the_moon_with_watercolor-1024x1024.jpg 1024w, https:\/\/www.vefadent.com.tr\/wp-content\/uploads\/2024\/07\/cute_koala_sleeping_on_the_moon_with_watercolor-150x150.jpg 150w, https:\/\/www.vefadent.com.tr\/wp-content\/uploads\/2024\/07\/cute_koala_sleeping_on_the_moon_with_watercolor-768x768.jpg 768w, https:\/\/www.vefadent.com.tr\/wp-content\/uploads\/2024\/07\/cute_koala_sleeping_on_the_moon_with_watercolor-1536x1536.jpg 1536w, https:\/\/www.vefadent.com.tr\/wp-content\/uploads\/2024\/07\/cute_koala_sleeping_on_the_moon_with_watercolor-2048x2048.jpg 2048w, https:\/\/www.vefadent.com.tr\/wp-content\/uploads\/2024\/07\/cute_koala_sleeping_on_the_moon_with_watercolor-650x650.jpg 650w\" sizes=\"(max-width: 300px) 100vw, 300px\" \/>\n            \n        <\/div>\n                        <div class=\"bdt-ep-static-carousel-content\">\n                                                            <h3                class=\"bdt-ep-static-carousel-title\">\n                S\u00fct ve Daimi Di\u015flerin Restoratif Tedavileri:                            <\/h3>\n                                                    <div class=\"bdt-ep-static-carousel-text\">\n                <p>\u00c7\u00fcr\u00fcklerin ve di\u011fer di\u015f problemlerinin tedavisi.<\/p>            <\/div>\n                                                            <\/div>\n\n                            <\/div>\n                    <div class=\"bdt-ep-static-carousel-item swiper-slide\">\n                        <div class=\"bdt-ep-static-carousel-image bdt-image-mask bdt-ep-static-carousel-image bdt-image-mask bdt-ep-static-carousel-image bdt-image-mask bdt-ep-static-carousel-image bdt-image-mask\">\n\n            <img loading=\"lazy\" decoding=\"async\" width=\"300\" height=\"300\" src=\"https:\/\/www.vefadent.com.tr\/wp-content\/uploads\/2024\/07\/watercolor_astronaut_cat-300x300.jpg\" class=\"attachment-medium size-medium\" alt=\"Dental Travma Tedavileri:\" srcset=\"https:\/\/www.vefadent.com.tr\/wp-content\/uploads\/2024\/07\/watercolor_astronaut_cat-300x300.jpg 300w, https:\/\/www.vefadent.com.tr\/wp-content\/uploads\/2024\/07\/watercolor_astronaut_cat-1024x1024.jpg 1024w, https:\/\/www.vefadent.com.tr\/wp-content\/uploads\/2024\/07\/watercolor_astronaut_cat-150x150.jpg 150w, https:\/\/www.vefadent.com.tr\/wp-content\/uploads\/2024\/07\/watercolor_astronaut_cat-768x768.jpg 768w, https:\/\/www.vefadent.com.tr\/wp-content\/uploads\/2024\/07\/watercolor_astronaut_cat-1536x1536.jpg 1536w, https:\/\/www.vefadent.com.tr\/wp-content\/uploads\/2024\/07\/watercolor_astronaut_cat-2048x2048.jpg 2048w, https:\/\/www.vefadent.com.tr\/wp-content\/uploads\/2024\/07\/watercolor_astronaut_cat-650x650.jpg 650w\" sizes=\"(max-width: 300px) 100vw, 300px\" \/>\n            \n        <\/div>\n                        <div class=\"bdt-ep-static-carousel-content\">\n                                                            <h3                class=\"bdt-ep-static-carousel-title\">\n                Dental Travma Tedavileri:                            <\/h3>\n                                                    <div class=\"bdt-ep-static-carousel-text\">\n                Kaza veya darbe sonucu olu\u015fan di\u015f ve \u00e7evre dokular\u0131n hasarlar\u0131n\u0131n onar\u0131lmas\u0131.            <\/div>\n                                                            <\/div>\n\n                            <\/div>\n                    <div class=\"bdt-ep-static-carousel-item swiper-slide\">\n                        <div class=\"bdt-ep-static-carousel-image bdt-image-mask bdt-ep-static-carousel-image bdt-image-mask bdt-ep-static-carousel-image bdt-image-mask bdt-ep-static-carousel-image bdt-image-mask bdt-ep-static-carousel-image bdt-image-mask\">\n\n            <img loading=\"lazy\" decoding=\"async\" width=\"300\" height=\"300\" src=\"https:\/\/www.vefadent.com.tr\/wp-content\/uploads\/2024\/07\/watercolor_cute_octopus-300x300.jpg\" class=\"attachment-medium size-medium\" alt=\"Yer Tutucu Uygulamalar\u0131: \" srcset=\"https:\/\/www.vefadent.com.tr\/wp-content\/uploads\/2024\/07\/watercolor_cute_octopus-300x300.jpg 300w, https:\/\/www.vefadent.com.tr\/wp-content\/uploads\/2024\/07\/watercolor_cute_octopus-1024x1024.jpg 1024w, https:\/\/www.vefadent.com.tr\/wp-content\/uploads\/2024\/07\/watercolor_cute_octopus-150x150.jpg 150w, https:\/\/www.vefadent.com.tr\/wp-content\/uploads\/2024\/07\/watercolor_cute_octopus-768x768.jpg 768w, https:\/\/www.vefadent.com.tr\/wp-content\/uploads\/2024\/07\/watercolor_cute_octopus-1536x1536.jpg 1536w, https:\/\/www.vefadent.com.tr\/wp-content\/uploads\/2024\/07\/watercolor_cute_octopus-2048x2048.jpg 2048w, https:\/\/www.vefadent.com.tr\/wp-content\/uploads\/2024\/07\/watercolor_cute_octopus-650x650.jpg 650w\" sizes=\"(max-width: 300px) 100vw, 300px\" \/>\n            \n        <\/div>\n                        <div class=\"bdt-ep-static-carousel-content\">\n                                                            <h3                class=\"bdt-ep-static-carousel-title\">\n                Yer Tutucu Uygulamalar\u0131:                             <\/h3>\n                                                    <div class=\"bdt-ep-static-carousel-text\">\n                <p>Erken kaybedilen di\u015flerin yerini korumak i\u00e7in kullan\u0131lan cihazlar.<\/p>            <\/div>\n                                                            <\/div>\n\n                            <\/div>\n                    <div class=\"bdt-ep-static-carousel-item swiper-slide\">\n                        <div class=\"bdt-ep-static-carousel-image bdt-image-mask bdt-ep-static-carousel-image bdt-image-mask bdt-ep-static-carousel-image bdt-image-mask bdt-ep-static-carousel-image bdt-image-mask bdt-ep-static-carousel-image bdt-image-mask bdt-ep-static-carousel-image bdt-image-mask\">\n\n            <img loading=\"lazy\" decoding=\"async\" width=\"300\" height=\"300\" src=\"https:\/\/www.vefadent.com.tr\/wp-content\/uploads\/2024\/07\/unicorn_brings_gifts_watercolor_illustration-300x300.jpg\" class=\"attachment-medium size-medium\" alt=\"Koruyucu Ortodontik Tedaviler:\" srcset=\"https:\/\/www.vefadent.com.tr\/wp-content\/uploads\/2024\/07\/unicorn_brings_gifts_watercolor_illustration-300x300.jpg 300w, https:\/\/www.vefadent.com.tr\/wp-content\/uploads\/2024\/07\/unicorn_brings_gifts_watercolor_illustration-1024x1024.jpg 1024w, https:\/\/www.vefadent.com.tr\/wp-content\/uploads\/2024\/07\/unicorn_brings_gifts_watercolor_illustration-150x150.jpg 150w, https:\/\/www.vefadent.com.tr\/wp-content\/uploads\/2024\/07\/unicorn_brings_gifts_watercolor_illustration-768x768.jpg 768w, https:\/\/www.vefadent.com.tr\/wp-content\/uploads\/2024\/07\/unicorn_brings_gifts_watercolor_illustration-1536x1536.jpg 1536w, https:\/\/www.vefadent.com.tr\/wp-content\/uploads\/2024\/07\/unicorn_brings_gifts_watercolor_illustration-2048x2048.jpg 2048w, https:\/\/www.vefadent.com.tr\/wp-content\/uploads\/2024\/07\/unicorn_brings_gifts_watercolor_illustration-650x650.jpg 650w\" sizes=\"(max-width: 300px) 100vw, 300px\" \/>\n            \n        <\/div>\n                        <div class=\"bdt-ep-static-carousel-content\">\n                                                            <h3                class=\"bdt-ep-static-carousel-title\">\n                Koruyucu Ortodontik Tedaviler:                            <\/h3>\n                                                    <div class=\"bdt-ep-static-carousel-text\">\n                <p>Di\u015flerin do\u011fru hizalanmas\u0131n\u0131 sa\u011flayan \u00f6nleyici tedaviler.<\/p>            <\/div>\n                                                            <\/div>\n\n                            <\/div>\n        \t\t<\/div>\n\t\t\t\t<\/div>\n\n\t\t\t\t\t\t\t\t\t\t\t<div class=\"bdt-position-z-index bdt-position-center bdt-visible@m\">\n\t\t\t\t<div class=\"bdt-arrows-container bdt-slidenav-container\">\n\t\t\t\t\t<div class=\"bdt-navigation-prev bdt-slidenav-previous bdt-icon bdt-slidenav\">\n\t\t\t\t\t\t<i class=\"ep-icon-arrow-left-0\" aria-hidden=\"true\"><\/i>\n\t\t\t\t\t<\/div>\n\t\t\t\t\t<div class=\"bdt-navigation-next bdt-slidenav-next bdt-icon bdt-slidenav\">\n\t\t\t\t\t\t<i class=\"ep-icon-arrow-right-0\" aria-hidden=\"true\"><\/i>\n\t\t\t\t\t<\/div>\n\t\t\t\t<\/div>\n\t\t\t<\/div>\n\t\t\t\t\n\t\t<\/div>\n\n\t\t\t\t<\/div>\n\t\t\t\t<\/div>\n\t\t\t\t<\/div>\n\t\t\t\t\t<\/div>\n\t\t\t\t<\/div>\n\t\t<div class=\"elementor-element elementor-element-9f6986c e-flex e-con-boxed e-con e-parent\" data-id=\"9f6986c\" data-element_type=\"container\" data-e-type=\"container\">\n\t\t\t\t\t<div class=\"e-con-inner\">\n\t\t<div class=\"elementor-element elementor-element-22aa55f e-con-full e-flex e-con e-child\" data-id=\"22aa55f\" data-element_type=\"container\" data-e-type=\"container\">\n\t\t\t\t<\/div>\n\t\t\t\t\t<\/div>\n\t\t\t\t<\/div>\n\t\t\t\t<\/div>\n\t\t","protected":false},"excerpt":{"rendered":"<p>Qu&rsquo;est-ce que l&rsquo;odontologie p\u00e9diatrique ? La p\u00e9dodontologie est une branche de l&rsquo;odontologie connue sous le nom d&rsquo;odontologie p\u00e9diatrique et se concentre sur [&hellip;]<\/p>\n","protected":false},"author":2,"featured_media":3966,"parent":0,"menu_order":0,"comment_status":"closed","ping_status":"closed","template":"","meta":{"_acf_changed":false,"footnotes":""},"class_list":["post-4109","page","type-page","status-publish","has-post-thumbnail","hentry"],"acf":[],"_links":{"self":[{"href":"https:\/\/www.vefadent.com.tr\/fr\/wp-json\/wp\/v2\/pages\/4109","targetHints":{"allow":["GET"]}}],"collection":[{"href":"https:\/\/www.vefadent.com.tr\/fr\/wp-json\/wp\/v2\/pages"}],"about":[{"href":"https:\/\/www.vefadent.com.tr\/fr\/wp-json\/wp\/v2\/types\/page"}],"author":[{"embeddable":true,"href":"https:\/\/www.vefadent.com.tr\/fr\/wp-json\/wp\/v2\/users\/2"}],"replies":[{"embeddable":true,"href":"https:\/\/www.vefadent.com.tr\/fr\/wp-json\/wp\/v2\/comments?post=4109"}],"version-history":[{"count":1,"href":"https:\/\/www.vefadent.com.tr\/fr\/wp-json\/wp\/v2\/pages\/4109\/revisions"}],"predecessor-version":[{"id":4111,"href":"https:\/\/www.vefadent.com.tr\/fr\/wp-json\/wp\/v2\/pages\/4109\/revisions\/4111"}],"wp:featuredmedia":[{"embeddable":true,"href":"https:\/\/www.vefadent.com.tr\/fr\/wp-json\/wp\/v2\/media\/3966"}],"wp:attachment":[{"href":"https:\/\/www.vefadent.com.tr\/fr\/wp-json\/wp\/v2\/media?parent=4109"}],"curies":[{"name":"wp","href":"https:\/\/api.w.org\/{rel}","templated":true}]}}